{"id":246,"date":"2019-08-08T09:59:40","date_gmt":"2019-08-08T09:59:40","guid":{"rendered":"https:\/\/airtech2.bolvo.com\/demo6\/?page_id=246"},"modified":"2025-06-03T08:17:08","modified_gmt":"2025-06-03T08:17:08","slug":"fix-appointment","status":"publish","type":"page","link":"https:\/\/sanitare.instal-prodan.ro\/?page_id=246","title":{"rendered":"Programare"},"content":{"rendered":"\t\t<div data-elementor-type=\"wp-post\" data-elementor-id=\"246\" class=\"elementor elementor-246\" data-elementor-post-type=\"page\">\n\t\t\t\t\t\t<section class=\"elementor-section elementor-top-section elementor-element elementor-element-ac6857e elementor-section-boxed elementor-section-height-default elementor-section-height-default\" data-id=\"ac6857e\" data-element_type=\"section\" data-e-type=\"section\">\n\t\t\t\t\t\t<div class=\"elementor-container elementor-column-gap-default\">\n\t\t\t\t\t<div class=\"elementor-column elementor-col-50 elementor-top-column elementor-element elementor-element-3e5f4ef\" data-id=\"3e5f4ef\" data-element_type=\"column\" data-e-type=\"column\">\n\t\t\t<div class=\"elementor-widget-wrap elementor-element-populated\">\n\t\t\t\t\t\t<div class=\"elementor-element elementor-element-97e2ce0 elementor-widget elementor-widget-ucaddon_airtech_appointment\" data-id=\"97e2ce0\" data-element_type=\"widget\" data-e-type=\"widget\" data-widget_type=\"ucaddon_airtech_appointment.default\">\n\t\t\t\t<div class=\"elementor-widget-container\">\n\t\t\t\t\t\n<!-- start Airtech Appointment -->\n\n<section class=\"appointment_area p_100\">\n    <div class=\"container\">\n        <div class=\"main_title\">\n            <h2>Programeaz\u0103-\u021bi acum vizita pentru a beneficia de servicii personalizate, rapide \u0219i la cele mai \u00eenalte standarde de profesionalism<\/h2>\n            <p>Ai nevoie de un instalator de urgen\u021b\u0103 sau planifici lucr\u0103ri la instala\u021bia sanitar\u0103? Programeaz\u0103 acum o interven\u021bie \u0219i beneficiezi de servicii rapide, solu\u021bii durabile \u0219i suport profesionist \u2014 exact c\u00e2nd ai nevoie!\n\n<\/p>\n        <\/div>\n        <div class=\"appointment_inner\">\n            <div class=\"row\">\n                <div class=\"col-lg-12\">\n\t\t\t\t\t\n<div class=\"wpcf7 no-js\" id=\"wpcf7-f467-o1\" lang=\"en-US\" dir=\"ltr\" data-wpcf7-id=\"467\">\n<div class=\"screen-reader-response\"><p role=\"status\" aria-live=\"polite\" aria-atomic=\"true\"><\/p> <ul><\/ul><\/div>\n<form action=\"\/index.php?rest_route=%2Fwp%2Fv2%2Fpages%2F246#wpcf7-f467-o1\" method=\"post\" class=\"wpcf7-form init demo\" aria-label=\"Contact form\" novalidate=\"novalidate\" data-status=\"init\">\n<fieldset class=\"hidden-fields-container\"><input type=\"hidden\" name=\"_wpcf7\" value=\"467\" \/><input type=\"hidden\" name=\"_wpcf7_version\" value=\"6.1.5\" \/><input type=\"hidden\" name=\"_wpcf7_locale\" value=\"en_US\" \/><input type=\"hidden\" name=\"_wpcf7_unit_tag\" value=\"wpcf7-f467-o1\" \/><input type=\"hidden\" name=\"_wpcf7_container_post\" value=\"0\" \/><input type=\"hidden\" name=\"_wpcf7_posted_data_hash\" value=\"\" \/>\n<\/fieldset>\n<div id=\"appointmentForm\" class=\"appointment-form\">\n\t<div class=\"service_chose form-group\">\n\t\t<h5 class=\"ap_title\">Acest serviciu este pentru:\n\t\t<\/h5>\n\t\t<p><span class=\"wpcf7-form-control-wrap\" data-name=\"form-servicetype\"><span class=\"wpcf7-form-control wpcf7-radio class\"><span class=\"wpcf7-list-item first\"><label><input type=\"radio\" name=\"form-servicetype\" value=\"Locuin\u021b\u0103\" checked=\"checked\" \/><span class=\"wpcf7-list-item-label\">Locuin\u021b\u0103<\/span><\/label><\/span><span class=\"wpcf7-list-item last\"><label><input type=\"radio\" name=\"form-servicetype\" value=\"Spa\u021biu comercial\" \/><span class=\"wpcf7-list-item-label\">Spa\u021biu comercial<\/span><\/label><\/span><\/span><\/span>\n\t\t<\/p>\n\t<\/div>\n\t<div class=\"day_select form-group\">\n\t\t<h5 class=\"ap_title\">ALEGE O ZI CONVENABIL\u0102 PENTRU INTERVEN\u021aIE: <span>*<\/span>\n\t\t<\/h5>\n\t\t<div class=\"row\">\n\t\t\t<div class=\"col-lg-2\">\n\t\t\t\t<p><span class=\"wpcf7-form-control-wrap\" data-name=\"form-month\"><select class=\"wpcf7-form-control wpcf7-select nice_select\" aria-invalid=\"false\" name=\"form-month\"><option value=\"Ian\">Ian<\/option><option value=\"Feb\">Feb<\/option><option value=\"Martie\">Martie<\/option><option value=\"Aprilie\">Aprilie<\/option><option value=\"Mai\">Mai<\/option><option value=\"Iunie\">Iunie<\/option><option value=\"Iulie\">Iulie<\/option><option value=\"Aug\">Aug<\/option><option value=\"Sept\">Sept<\/option><option value=\"Oct\">Oct<\/option><option value=\"Nov\">Nov<\/option><option value=\"Dec\">Dec<\/option><\/select><\/span>\n\t\t\t\t<\/p>\n\t\t\t<\/div>\n\t\t\t<div class=\"col-lg-2\">\n\t\t\t\t<p><span class=\"wpcf7-form-control-wrap\" data-name=\"form-date\"><select class=\"wpcf7-form-control wpcf7-select nice_select\" aria-invalid=\"false\" name=\"form-date\"><option value=\"01\">01<\/option><option value=\"02\">02<\/option><option value=\"03\">03<\/option><option value=\"04\">04<\/option><option value=\"05\">05<\/option><option value=\"06\">06<\/option><option value=\"07\">07<\/option><option value=\"08\">08<\/option><option value=\"09\">09<\/option><option value=\"10\">10<\/option><option value=\"11\">11<\/option><option value=\"12\">12<\/option><option value=\"13\">13<\/option><option value=\"14\">14<\/option><option value=\"15\">15<\/option><option value=\"16\">16<\/option><option value=\"17\">17<\/option><option value=\"18\">18<\/option><option value=\"19\">19<\/option><option value=\"20\">20<\/option><option value=\"21\">21<\/option><option value=\"22\">22<\/option><option value=\"23\">23<\/option><option value=\"24\">24<\/option><option value=\"25\">25<\/option><option value=\"26\">26<\/option><option value=\"27\">27<\/option><option value=\"28\">28<\/option><option value=\"29\">29<\/option><option value=\"30\">30<\/option><option value=\"31\">31<\/option><\/select><\/span>\n\t\t\t\t<\/p>\n\t\t\t<\/div>\n\t\t\t<div class=\"col-lg-2\">\n\t\t\t\t<p><span class=\"wpcf7-form-control-wrap\" data-name=\"form-year\"><select class=\"wpcf7-form-control wpcf7-select nice_select\" aria-invalid=\"false\" name=\"form-year\"><option value=\"2024\">2024<\/option><option value=\"2025\">2025<\/option><\/select><\/span>\n\t\t\t\t<\/p>\n\t\t\t<\/div>\n\t\t<\/div>\n\t<\/div>\n\t<div class=\"day_select form-group\">\n\t\t<h5 class=\"ap_title\">ALEGE O OR\u0102 CONVENABIL\u0102\n\t\t<\/h5>\n\t\t<div class=\"row\">\n\t\t\t<div class=\"col-lg-4\">\n\t\t\t\t<p><span class=\"wpcf7-form-control-wrap\" data-name=\"form-time\"><select class=\"wpcf7-form-control wpcf7-select nice_select\" aria-invalid=\"false\" name=\"form-time\"><option value=\"08:00\">08:00<\/option><option value=\"09:00\">09:00<\/option><option value=\"10:00\">10:00<\/option><option value=\"11:00\">11:00<\/option><option value=\"12:00\">12:00<\/option><option value=\"13:00\">13:00<\/option><option value=\"14:00\">14:00<\/option><option value=\"15:00\">15:00<\/option><option value=\"16:00\">16:00<\/option><option value=\"17:00\">17:00<\/option><option value=\"18:00\">18:00<\/option><option value=\"19:00\">19:00<\/option><option value=\"20:00\">20:00<\/option><\/select><\/span>\n\t\t\t\t<\/p>\n\t\t\t<\/div>\n\t\t<\/div>\n\t<\/div>\n\t<div class=\"row form_box_1\">\n\t\t<div class=\"form-group col-lg-12\">\n\t\t\t<p><label for=\"name\" class=\"ap_title\">NUMELE COMPLET <span>*<\/span><\/label><br \/>\n<span class=\"wpcf7-form-control-wrap\" data-name=\"form-name\"><input size=\"40\" maxlength=\"400\" class=\"wpcf7-form-control wpcf7-text wpcf7-validates-as-required form-control\" aria-required=\"true\" aria-invalid=\"false\" placeholder=\"Numele t\u0103u\" value=\"\" type=\"text\" name=\"form-name\" \/><\/span>\n\t\t\t<\/p>\n\t\t<\/div>\n\t\t<div class=\"form-group col-lg-12\">\n\t\t\t<p><label for=\"address\" class=\"ap_title\">ADRESA INTERVEN\u021aIE<\/label><br \/>\n<span class=\"wpcf7-form-control-wrap\" data-name=\"form-address\"><textarea cols=\"40\" rows=\"10\" maxlength=\"2000\" class=\"wpcf7-form-control wpcf7-textarea form-control\" id=\"address\" aria-invalid=\"false\" placeholder=\"Adresa loca\u021biei\" name=\"form-address\"><\/textarea><\/span>\n\t\t\t<\/p>\n\t\t<\/div>\n\t\t<div class=\"form-group col-lg-4\">\n\t\t\t<p><label for=\"city\" class=\"ap_title\">Ora\u0219<\/label><br \/>\n<span class=\"wpcf7-form-control-wrap\" data-name=\"form-city\"><input size=\"40\" maxlength=\"400\" class=\"wpcf7-form-control wpcf7-text form-control\" id=\"city\" aria-invalid=\"false\" placeholder=\"Ora\u0219\" value=\"\" type=\"text\" name=\"form-city\" \/><\/span>\n\t\t\t<\/p>\n\t\t<\/div>\n\t\t<div class=\"form-group col-lg-4\">\n\t\t\t<p><label for=\"state\" class=\"ap_title\">Jude\u021b<\/label><br \/>\n<span class=\"wpcf7-form-control-wrap\" data-name=\"form-state\"><input size=\"40\" maxlength=\"400\" class=\"wpcf7-form-control wpcf7-text form-control\" aria-invalid=\"false\" placeholder=\"Jude\u021b\" value=\"\" type=\"text\" name=\"form-state\" \/><\/span>\n\t\t\t<\/p>\n\t\t<\/div>\n\t\t<div class=\"form-group col-lg-4\">\n\t\t\t<p><label for=\"zip\" class=\"ap_title\">Cod po\u0219tal<\/label><br \/>\n<span class=\"wpcf7-form-control-wrap\" data-name=\"form-zip\"><input size=\"40\" maxlength=\"400\" class=\"wpcf7-form-control wpcf7-tel wpcf7-text wpcf7-validates-as-tel form-control\" id=\"zip\" aria-invalid=\"false\" placeholder=\"Cod po\u0219tal\" value=\"\" type=\"tel\" name=\"form-zip\" \/><\/span>\n\t\t\t<\/p>\n\t\t<\/div>\n\t\t<div class=\"form-group col-lg-6\">\n\t\t\t<p><label for=\"phone\" class=\"ap_title\">Telefon loca\u021bie<\/label><br \/>\n<span class=\"wpcf7-form-control-wrap\" data-name=\"form-phone\"><input size=\"40\" maxlength=\"400\" class=\"wpcf7-form-control wpcf7-tel wpcf7-text wpcf7-validates-as-tel form-control\" id=\"phone\" aria-invalid=\"false\" placeholder=\"Telefon loca\u021bie\" value=\"\" type=\"tel\" name=\"form-phone\" \/><\/span>\n\t\t\t<\/p>\n\t\t<\/div>\n\t\t<div class=\"form-group col-lg-6\">\n\t\t\t<p><label for=\"cell\" class=\"ap_title\">Telefon mobil<\/label><br \/>\n<span class=\"wpcf7-form-control-wrap\" data-name=\"form-cell\"><input size=\"40\" maxlength=\"400\" class=\"wpcf7-form-control wpcf7-tel wpcf7-text wpcf7-validates-as-tel form-control\" id=\"cell\" aria-invalid=\"false\" placeholder=\"Telefon mobil\" value=\"\" type=\"tel\" name=\"form-cell\" \/><\/span>\n\t\t\t<\/p>\n\t\t<\/div>\n\t\t<div class=\"form-group col-lg-12\">\n\t\t\t<p><label for=\"email\" class=\"ap_title\">Adres\u0103 de email<\/label><br \/>\n<span class=\"wpcf7-form-control-wrap\" data-name=\"form-email\"><input size=\"40\" maxlength=\"400\" class=\"wpcf7-form-control wpcf7-email wpcf7-text wpcf7-validates-as-email form-control\" id=\"email\" aria-invalid=\"false\" placeholder=\"Email\" value=\"\" type=\"email\" name=\"form-email\" \/><\/span>\n\t\t\t<\/p>\n\t\t<\/div>\n\t<\/div>\n\t<div class=\"service_chose form-group\">\n\t\t<h5 class=\"ap_title\">TIPUL SERVICIULUI\n\t\t<\/h5>\n\t\t<div class=\"row m0\">\n\t\t\t<p><span class=\"wpcf7-form-control-wrap\" data-name=\"form-chooseservice\"><span class=\"wpcf7-form-control wpcf7-radio\"><span class=\"wpcf7-list-item first\"><label><input type=\"radio\" name=\"form-chooseservice\" value=\"Montaj instala\u021bii sanitare\" checked=\"checked\" \/><span class=\"wpcf7-list-item-label\">Montaj instala\u021bii sanitare<\/span><\/label><\/span><span class=\"wpcf7-list-item\"><label><input type=\"radio\" name=\"form-chooseservice\" value=\"Repara\u021bii instala\u021bii\" \/><span class=\"wpcf7-list-item-label\">Repara\u021bii instala\u021bii<\/span><\/label><\/span><span class=\"wpcf7-list-item\"><label><input type=\"radio\" name=\"form-chooseservice\" value=\"Cur\u0103\u021bare \u021bevi \u0219i scurgeri\" \/><span class=\"wpcf7-list-item-label\">Cur\u0103\u021bare \u021bevi \u0219i scurgeri<\/span><\/label><\/span><span class=\"wpcf7-list-item\"><label><input type=\"radio\" name=\"form-chooseservice\" value=\"Montaj obiecte sanitare\" \/><span class=\"wpcf7-list-item-label\">Montaj obiecte sanitare<\/span><\/label><\/span><span class=\"wpcf7-list-item\"><label><input type=\"radio\" name=\"form-chooseservice\" value=\"Verific\u0103ri &amp; Mentenan\u021b\u0103\" \/><span class=\"wpcf7-list-item-label\">Verific\u0103ri &amp; Mentenan\u021b\u0103<\/span><\/label><\/span><span class=\"wpcf7-list-item\"><label><input type=\"radio\" name=\"form-chooseservice\" value=\"Consultan\u021b\u0103 \u0219i proiectare\" \/><span class=\"wpcf7-list-item-label\">Consultan\u021b\u0103 \u0219i proiectare<\/span><\/label><\/span><span class=\"wpcf7-list-item last\"><label><input type=\"radio\" name=\"form-chooseservice\" value=\"Alt serviciu (detaliaz\u0103 mai jos)\" \/><span class=\"wpcf7-list-item-label\">Alt serviciu (detaliaz\u0103 mai jos)<\/span><\/label><\/span><\/span><\/span>\n\t\t\t<\/p>\n\t\t<\/div>\n\t<\/div>\n\t<div class=\"row form_box_1\">\n\t\t<div class=\"form-group col-lg-12\">\n\t\t\t<p><label class=\"ap_title\">ALTE DETALII<\/label><br \/>\n<span class=\"wpcf7-form-control-wrap\" data-name=\"form-message\"><textarea cols=\"40\" rows=\"10\" maxlength=\"2000\" class=\"wpcf7-form-control wpcf7-textarea form-control\" aria-invalid=\"false\" placeholder=\"Alte informa\u021bii (op\u021bional)\" name=\"form-message\"><\/textarea><\/span>\n\t\t\t<\/p>\n\t\t<\/div>\n\t\t<div class=\"form-group col-lg-12\">\n\t\t\t<p><label class=\"ap_title\">DESCRIERE SCURT\u0102 A PROBLEMEI: <span>*<\/span><\/label><br \/>\n<span class=\"wpcf7-form-control-wrap\" data-name=\"form-problem\"><textarea cols=\"40\" rows=\"10\" maxlength=\"2000\" class=\"wpcf7-form-control wpcf7-textarea wpcf7-validates-as-required form-control\" aria-required=\"true\" aria-invalid=\"false\" placeholder=\"Ex: scurgere la chiuvet\u0103, presiune sc\u0103zut\u0103 etc.\" name=\"form-problem\"><\/textarea><\/span>\n\t\t\t<\/p>\n\t\t<\/div>\n\t<\/div>\n\t<div class=\"row m0 service_chose\">\n\t\t<div class=\"form-group\">\n\t\t\t<p><span class=\"wpcf7-form-control-wrap\" data-name=\"checkbox-584\"><span class=\"wpcf7-form-control wpcf7-checkbox class\"><span class=\"wpcf7-list-item first last\"><input type=\"checkbox\" name=\"checkbox-584[]\" value=\"Da, doresc s\u0103 primesc sfaturi \u0219i oferte ocazionale prin email. (Adresa nu va fi distribuit\u0103 altor p\u0103r\u021bi.)\" \/><span class=\"wpcf7-list-item-label\">Da, doresc s\u0103 primesc sfaturi \u0219i oferte ocazionale prin email. (Adresa nu va fi distribuit\u0103 altor p\u0103r\u021bi.)<\/span><\/span><\/span><\/span>\n\t\t\t<\/p>\n\t\t<\/div>\n\t<\/div>\n\t<p><input class=\"wpcf7-form-control wpcf7-submit has-spinner btn submit_btn\" type=\"submit\" value=\"Trimite cererea\" \/>\n\t<\/p>\n<\/div><div class=\"wpcf7-response-output\" aria-hidden=\"true\"><\/div>\n<\/form>\n<\/div>\n\n                <\/div>\n            <\/div>\n        <\/div>\n    <\/div>\n<\/section>\n<!-- end Airtech Appointment -->\t\t\t\t<\/div>\n\t\t\t\t<\/div>\n\t\t\t\t\t<\/div>\n\t\t<\/div>\n\t\t\t\t<div class=\"elementor-column elementor-col-50 elementor-top-column elementor-element elementor-element-600c283\" data-id=\"600c283\" data-element_type=\"column\" data-e-type=\"column\">\n\t\t\t<div class=\"elementor-widget-wrap elementor-element-populated\">\n\t\t\t\t\t\t<div class=\"elementor-element elementor-element-32d08bd elementor-widget elementor-widget-spacer\" data-id=\"32d08bd\" data-element_type=\"widget\" data-e-type=\"widget\" data-widget_type=\"spacer.default\">\n\t\t\t\t<div class=\"elementor-widget-container\">\n\t\t\t\t\t\t\t<div class=\"elementor-spacer\">\n\t\t\t<div class=\"elementor-spacer-inner\"><\/div>\n\t\t<\/div>\n\t\t\t\t\t\t<\/div>\n\t\t\t\t<\/div>\n\t\t\t\t<div class=\"elementor-element elementor-element-b5f4a1c elementor-widget elementor-widget-ucaddon_leftsidebarbanner\" data-id=\"b5f4a1c\" data-element_type=\"widget\" data-e-type=\"widget\" data-widget_type=\"ucaddon_leftsidebarbanner.default\">\n\t\t\t\t<div class=\"elementor-widget-container\">\n\t\t\t\t\t\n<!-- start Left sidebar Banner -->\n\n<aside class=\"left_widget contact_wd\">\n    <img decoding=\"async\" src=\"\" alt=\"\">\n    <div class=\"text\">\n        <p><span>Disponibili<\/span>pentru orice tip de instala\u021bii sanitare<\/p>\n        <h4>Te putem ajuta<\/h4>\n      \t<a class=\"main_btn\" href=\"https:\/\/sanitare.instal-prodan.ro\/?page_id=2909\">Contacteaz\u0103-ne<\/a>\n    <\/div>\n<\/aside>\n<!-- end Left sidebar Banner -->\t\t\t\t<\/div>\n\t\t\t\t<\/div>\n\t\t\t\t\t<\/div>\n\t\t<\/div>\n\t\t\t\t\t<\/div>\n\t\t<\/section>\n\t\t\t\t<\/div>\n\t\t","protected":false},"excerpt":{"rendered":"<p>Programeaz\u0103-\u021bi acum vizita pentru a beneficia de servicii personalizate, rapide \u0219i la cele mai \u00eenalte standarde de profesionalism Ai nevoie de un instalator de urgen\u021b\u0103 sau planifici lucr\u0103ri la instala\u021bia sanitar\u0103? Programeaz\u0103 acum o interven\u021bie \u0219i beneficiezi de servicii rapide, solu\u021bii durabile \u0219i suport profesionist \u2014 exact c\u00e2nd ai nevoie! Disponibilipentru orice tip de instala\u021bii [&hellip;]<\/p>\n","protected":false},"author":1,"featured_media":0,"parent":0,"menu_order":0,"comment_status":"closed","ping_status":"closed","template":"elementor_header_footer","meta":{"footnotes":""},"class_list":["post-246","page","type-page","status-publish","hentry"],"_links":{"self":[{"href":"https:\/\/sanitare.instal-prodan.ro\/index.php?rest_route=\/wp\/v2\/pages\/246","targetHints":{"allow":["GET"]}}],"collection":[{"href":"https:\/\/sanitare.instal-prodan.ro\/index.php?rest_route=\/wp\/v2\/pages"}],"about":[{"href":"https:\/\/sanitare.instal-prodan.ro\/index.php?rest_route=\/wp\/v2\/types\/page"}],"author":[{"embeddable":true,"href":"https:\/\/sanitare.instal-prodan.ro\/index.php?rest_route=\/wp\/v2\/users\/1"}],"replies":[{"embeddable":true,"href":"https:\/\/sanitare.instal-prodan.ro\/index.php?rest_route=%2Fwp%2Fv2%2Fcomments&post=246"}],"version-history":[{"count":10,"href":"https:\/\/sanitare.instal-prodan.ro\/index.php?rest_route=\/wp\/v2\/pages\/246\/revisions"}],"predecessor-version":[{"id":2920,"href":"https:\/\/sanitare.instal-prodan.ro\/index.php?rest_route=\/wp\/v2\/pages\/246\/revisions\/2920"}],"wp:attachment":[{"href":"https:\/\/sanitare.instal-prodan.ro\/index.php?rest_route=%2Fwp%2Fv2%2Fmedia&parent=246"}],"curies":[{"name":"wp","href":"https:\/\/api.w.org\/{rel}","templated":true}]}}